{"id":5152,"date":"2026-04-19T11:08:00","date_gmt":"2026-04-19T14:08:00","guid":{"rendered":"https:\/\/criminalisticamisiones.org\/?page_id=5152"},"modified":"2026-04-19T12:29:31","modified_gmt":"2026-04-19T15:29:31","slug":"eventos-colegio","status":"publish","type":"page","link":"https:\/\/criminalisticamisiones.org\/index.php\/eventos-colegio\/","title":{"rendered":"Eventos Colegio"},"content":{"rendered":"\t\t<div data-elementor-type=\"wp-page\" data-elementor-id=\"5152\" class=\"elementor elementor-5152\">\n\t\t\t\t\t\t\t<div class=\"elementor-element elementor-element-a968306 e-flex e-con-boxed e-con e-parent\" data-id=\"a968306\" data-element_type=\"container\" data-settings=\"{&quot;content_width&quot;:&quot;boxed&quot;}\" data-core-v316-plus=\"true\">\n\t\t\t\t\t<div class=\"e-con-inner\">\n\t\t\t\t<div class=\"elementor-element elementor-element-d1d7151 elementor-widget__width-inherit elementor-widget elementor-widget-image\" data-id=\"d1d7151\" data-element_type=\"widget\" data-widget_type=\"image.default\">\n\t\t\t\t<div class=\"elementor-widget-container\">\n\t\t\t<style>\/*! elementor - v3.16.0 - 13-09-2023 *\/\n.elementor-widget-image{text-align:center}.elementor-widget-image a{display:inline-block}.elementor-widget-image a img[src$=\".svg\"]{width:48px}.elementor-widget-image img{vertical-align:middle;display:inline-block}<\/style>\t\t\t\t\t\t\t\t\t\t\t\t<img decoding=\"async\" loading=\"lazy\" width=\"1024\" height=\"295\" src=\"https:\/\/criminalisticamisiones.org\/wp-content\/uploads\/2026\/04\/ChatGPT-Image-19-abr-2026-11_18_28-a.m-e1776609185354-1024x295.png\" class=\"attachment-large size-large wp-image-5164\" alt=\"\" srcset=\"https:\/\/criminalisticamisiones.org\/wp-content\/uploads\/2026\/04\/ChatGPT-Image-19-abr-2026-11_18_28-a.m-e1776609185354-1024x295.png 1024w, https:\/\/criminalisticamisiones.org\/wp-content\/uploads\/2026\/04\/ChatGPT-Image-19-abr-2026-11_18_28-a.m-e1776609185354-300x86.png 300w, https:\/\/criminalisticamisiones.org\/wp-content\/uploads\/2026\/04\/ChatGPT-Image-19-abr-2026-11_18_28-a.m-e1776609185354-768x221.png 768w, https:\/\/criminalisticamisiones.org\/wp-content\/uploads\/2026\/04\/ChatGPT-Image-19-abr-2026-11_18_28-a.m-e1776609185354-1536x442.png 1536w, https:\/\/criminalisticamisiones.org\/wp-content\/uploads\/2026\/04\/ChatGPT-Image-19-abr-2026-11_18_28-a.m-e1776609185354-1920x553.png 1920w\" sizes=\"(max-width: 1024px) 100vw, 1024px\" \/>\t\t\t\t\t\t\t\t\t\t\t\t\t\t\t<\/div>\n\t\t\t\t<\/div>\n\t\t\t\t\t<\/div>\n\t\t\t\t<\/div>\n\t\t<div class=\"elementor-element elementor-element-252e03a e-flex e-con-boxed e-con e-parent\" data-id=\"252e03a\" data-element_type=\"container\" data-settings=\"{&quot;content_width&quot;:&quot;boxed&quot;}\" data-core-v316-plus=\"true\">\n\t\t\t\t\t<div class=\"e-con-inner\">\n\t\t<div class=\"elementor-element elementor-element-48ded0e e-con-full e-flex e-con e-child\" data-id=\"48ded0e\" data-element_type=\"container\" data-settings=\"{&quot;content_width&quot;:&quot;full&quot;}\">\n\t\t\t\t<div class=\"elementor-element elementor-element-16f82c2 elementor-widget elementor-widget-shortcode\" data-id=\"16f82c2\" data-element_type=\"widget\" data-widget_type=\"shortcode.default\">\n\t\t\t\t<div class=\"elementor-widget-container\">\n\t\t\t\t\t<div class=\"elementor-shortcode\"><div class=\"forminator-ui forminator-custom-form forminator-custom-form-3493 forminator-design--flat  forminator_ajax\" data-forminator-render=\"0\" data-form=\"forminator-module-3493\" data-uid=\"69e580c3d3d35\"><br\/><\/div><form\r\n\t\t\t\tid=\"forminator-module-3493\"\r\n\t\t\t\tclass=\"forminator-ui forminator-custom-form forminator-custom-form-3493 forminator-design--flat  forminator_ajax\"\r\n\t\t\t\tmethod=\"post\"\r\n\t\t\t\tdata-forminator-render=\"0\"\r\n\t\t\t\tdata-form-id=\"3493\"\r\n\t\t\t\t\r\n\t\t\t\tdata-design=\"flat\"\r\n\t\t\t\t\r\n\t\t\t\t\r\n\t\t\t\t\r\n\t\t\t\tdata-grid=\"open\"\r\n\t\t\t\t\r\n\t\t\t\t\r\n\t\t\t\tstyle=\"display: none;\"\r\n\t\t\t\t\r\n\t\t\t\tdata-uid=\"69e580c3d3d35\"\r\n\t\t\t><div class=\"forminator-response-message forminator-error\" aria-hidden=\"true\"><\/div><div class=\"forminator-row\"><div id=\"name-1\" class=\"forminator-col forminator-col-6 \"><div class=\"forminator-field\"><label for=\"forminator-field-name-1_69e580c3d3d35\" class=\"forminator-label\">Datos Personales <span class=\"forminator-required\">*<\/span><\/label><input type=\"text\" name=\"name-1\" value=\"\" placeholder=\"Ejemplo Juan Perez Diaz\" id=\"forminator-field-name-1_69e580c3d3d35\" class=\"forminator-input forminator-name--field\" aria-required=\"true\" \/><\/div><\/div><div id=\"number-1\" class=\"forminator-col forminator-col-6 \"><div class=\"forminator-field\"><label for=\"forminator-field-number-1_69e580c3d3d35\" class=\"forminator-label\">DNI <span class=\"forminator-required\">*<\/span><\/label><input name=\"number-1\" value=\"\" placeholder=\"\" id=\"forminator-field-number-1_69e580c3d3d35\" class=\"forminator-input forminator-number--field\" inputmode=\"decimal\" data-required=\"1\" data-decimals=\"0\" aria-required=\"true\" data-inputmask=\"&#039;groupSeparator&#039;: &#039;.&#039;, &#039;radixPoint&#039;: &#039;&#039;, &#039;digits&#039;: &#039;0&#039;\" \/><\/div><\/div><\/div><div class=\"forminator-row\"><div id=\"email-1\" class=\"forminator-col forminator-col-6 \"><div class=\"forminator-field\"><label for=\"forminator-field-email-1_69e580c3d3d35\" class=\"forminator-label\">Correo electr\u00f3nico <span class=\"forminator-required\">*<\/span><\/label><input type=\"email\" name=\"email-1\" value=\"\" placeholder=\"Ejemplo juanperez@gmail.com\" id=\"forminator-field-email-1_69e580c3d3d35\" class=\"forminator-input forminator-email--field\" data-required=\"1\" aria-required=\"true\" \/><\/div><\/div><div id=\"phone-1\" class=\"forminator-col forminator-col-6 \"><div class=\"forminator-field\"><label for=\"forminator-field-phone-1_69e580c3d3d35\" class=\"forminator-label\">N\u00famero de WhatsApp<\/label><input type=\"text\" name=\"phone-1\" value=\"\" placeholder=\"Ejemplo +54 300 400 5000\" id=\"forminator-field-phone-1_69e580c3d3d35\" class=\"forminator-input forminator-field--phone\" data-required=\"\" aria-required=\"false\" autocomplete=\"off\" \/><\/div><\/div><\/div><div class=\"forminator-row\"><div id=\"phone-2\" class=\"forminator-col forminator-col-12 \"><div class=\"forminator-field\"><label for=\"forminator-field-phone-2_69e580c3d3d35\" class=\"forminator-label\">N\u00famero de WhatsApp <span class=\"forminator-required\">*<\/span><\/label><input type=\"text\" name=\"phone-2\" value=\"\" placeholder=\"Ejemplo +54 300 400 5000\" id=\"forminator-field-phone-2_69e580c3d3d35\" class=\"forminator-input forminator-field--phone\" data-required=\"1\" aria-required=\"true\" autocomplete=\"off\" \/><\/div><\/div><\/div><div class=\"forminator-row\"><div id=\"select-1\" class=\"forminator-col forminator-col-12 \"><div class=\"forminator-field\"><label for=\"forminator-form-3493__field--select-1_69e580c3d3d35-label\" class=\"forminator-label\">\u00bfCu\u00e1l es tu actividad principal?<\/label><select id=\"forminator-form-3493__field--select-1_69e580c3d3d35\" class=\"forminator-select--field forminator-select2\" data-required=\"\" name=\"select-1\" data-default-value=\"\" data-placeholder=\"\" data-search=\"false\"><option value=\"Licenciado-a-en-Criminal\u00edstica-Document\u00f3logo-a-Cal\u00edgrafo-a-Estudiante-Abogado-a-Funcionario-a-p\u00fablico-a\"  data-calculation=\"0\">Licenciado\/a en Criminal\u00edstica<\/option><option value=\"Perito-Document\u00f3logo\"  data-calculation=\"0\">Perito Document\u00f3logo \/Caligrafo<\/option><option value=\"Estudiante-de-la-carrera\"  data-calculation=\"0\">Estudiante Avanzado de la carrera<\/option><option value=\"Abogado-a\"  data-calculation=\"0\">Abogado\/a<\/option><option value=\"\"  data-calculation=\"0\">Funcionario\/a p\u00fablico\/a<\/option><option value=\"Otro\"  data-calculation=\"0\">Otro<\/option><\/select><\/div><\/div><\/div><div class=\"forminator-row\"><div id=\"checkbox-1\" class=\"forminator-col forminator-col-12 \"><div role=\"group\" class=\"forminator-field\" aria-labelledby=\"forminator-checkbox-group-69e580c3d3d35-label\"><label for=\"forminator-field-checkbox-1-1-69e580c3d3d35\" class=\"forminator-checkbox\" title=\"Declaro que los datos brindados son correctos\"><input type=\"checkbox\" name=\"checkbox-1[]\" value=\"one\" id=\"forminator-field-checkbox-1-1-69e580c3d3d35\" data-calculation=\"0\"  \/><span class=\"forminator-checkbox-box\" aria-hidden=\"true\"><\/span><span class=\"forminator-checkbox-label\">Declaro que los datos brindados son correctos<\/span><\/label><\/div><\/div><\/div><div class=\"forminator-row\"><div id=\"checkbox-2\" class=\"forminator-col forminator-col-12 \"><div role=\"group\" class=\"forminator-field\" aria-labelledby=\"forminator-checkbox-group-69e580c3d3d35-label\"><label for=\"forminator-field-checkbox-2-1-69e580c3d3d35\" class=\"forminator-checkbox\" title=\"Deseo recibir la certificaci\u00f3n del evento  (con costo adicional)\"><input type=\"checkbox\" name=\"checkbox-2[]\" value=\"one\" id=\"forminator-field-checkbox-2-1-69e580c3d3d35\" data-calculation=\"0\"  \/><span class=\"forminator-checkbox-box\" aria-hidden=\"true\"><\/span><span class=\"forminator-checkbox-label\">Deseo recibir la certificaci\u00f3n del evento  (con costo adicional)<\/span><\/label><\/div><\/div><\/div><input type=\"hidden\" name=\"referer_url\" value=\"\" \/><div class=\"forminator-row forminator-row-last\"><div class=\"forminator-col\"><div class=\"forminator-field\"><button class=\"forminator-button forminator-button-submit\">Registrarme<\/button><\/div><\/div><\/div><input type=\"hidden\" id=\"forminator_nonce\" name=\"forminator_nonce\" value=\"e7975bbd87\" \/><input type=\"hidden\" name=\"_wp_http_referer\" value=\"\/index.php\/wp-json\/wp\/v2\/pages\/5152\" \/><input type=\"hidden\" name=\"form_id\" value=\"3493\"><input type=\"hidden\" name=\"page_id\" value=\"5152\"><input type=\"hidden\" name=\"form_type\" value=\"default\"><input type=\"hidden\" name=\"current_url\" value=\"https:\/\/criminalisticamisiones.org\/index.php\/eventos-colegio\/\"><input type=\"hidden\" name=\"render_id\" value=\"0\"><input type=\"hidden\" name=\"action\" value=\"forminator_submit_form_custom-forms\"><\/form><\/div>\n\t\t\t\t<\/div>\n\t\t\t\t<\/div>\n\t\t\t\t<\/div>\n\t\t\t\t\t<\/div>\n\t\t\t\t<\/div>\n\t\t\t\t\t\t\t<\/div>\n\t\t","protected":false},"excerpt":{"rendered":"","protected":false},"author":1,"featured_media":0,"parent":0,"menu_order":0,"comment_status":"closed","ping_status":"closed","template":"elementor_canvas","meta":{"footnotes":"","_joinchat":[]},"aioseo_notices":[],"jetpack_sharing_enabled":true,"_links":{"self":[{"href":"https:\/\/criminalisticamisiones.org\/index.php\/wp-json\/wp\/v2\/pages\/5152"}],"collection":[{"href":"https:\/\/criminalisticamisiones.org\/index.php\/wp-json\/wp\/v2\/pages"}],"about":[{"href":"https:\/\/criminalisticamisiones.org\/index.php\/wp-json\/wp\/v2\/types\/page"}],"author":[{"embeddable":true,"href":"https:\/\/criminalisticamisiones.org\/index.php\/wp-json\/wp\/v2\/users\/1"}],"replies":[{"embeddable":true,"href":"https:\/\/criminalisticamisiones.org\/index.php\/wp-json\/wp\/v2\/comments?post=5152"}],"version-history":[{"count":43,"href":"https:\/\/criminalisticamisiones.org\/index.php\/wp-json\/wp\/v2\/pages\/5152\/revisions"}],"predecessor-version":[{"id":5197,"href":"https:\/\/criminalisticamisiones.org\/index.php\/wp-json\/wp\/v2\/pages\/5152\/revisions\/5197"}],"wp:attachment":[{"href":"https:\/\/criminalisticamisiones.org\/index.php\/wp-json\/wp\/v2\/media?parent=5152"}],"curies":[{"name":"wp","href":"https:\/\/api.w.org\/{rel}","templated":true}]}}